{"id":37,"date":"2020-04-02T14:42:37","date_gmt":"2020-04-02T12:42:37","guid":{"rendered":"https:\/\/nowa.xivlo.pl\/?p=37"},"modified":"2025-03-25T18:50:40","modified_gmt":"2025-03-25T17:50:40","slug":"deklaracja-dostepnosci","status":"publish","type":"page","link":"https:\/\/www.xivlo.pl\/?page_id=37","title":{"rendered":"Deklaracja dost\u0119pno\u015bci"},"content":{"rendered":"<p id=\"a11y-wstep\"><strong id=\"a11y-podmiot\">XIV Liceum Og\u00f3lnokszta\u0142c\u0105ce z Oddzia\u0142ami Dwuj\u0119zycznymi im Miko\u0142aja Kopernika w Gdyni<\/strong>\u00a0zobowi\u0105zuje si\u0119 zapewni\u0107 dost\u0119pno\u015b\u0107 swojej strony internetowej zgodnie z ustaw\u0105 z dnia 4 kwietnia 2019 r. o dost\u0119pno\u015bci cyfrowej stron internetowych i aplikacji mobilnych podmiot\u00f3w publicznych. O\u015bwiadczenie w sprawie dost\u0119pno\u015bci ma zastosowanie do\u00a0<a id=\"a11y-url\" href=\"http:\/\/lo.xivlo.pl\/\">strony internetowej XIV Liceum Og\u00f3lnokszta\u0142c\u0105ce w Gdyni<\/a>.<\/p>\n<h2><strong>Daty publikacji i aktualizacji<\/strong><\/h2>\n<p>Data publikacji strony internetowej: <span id=\"a11y-data-publikacja\">2017-09-03<\/span>.<\/p>\n<p>Data ostatniej istotnej aktualizacji: <span id=\"a11y-data-aktualizacja\">2019-08-23<\/span>.<\/p>\n<h2><strong>Status pod wzgl\u0119dem zgodno\u015bci z ustaw\u0105<\/strong><\/h2>\n<p id=\"a11y-status\">Strona internetowa jest cz\u0119\u015bciowo zgodna z ustaw\u0105 z dnia 4 kwietnia 2019 r. o dost\u0119pno\u015bci cyfrowej stron internetowych i aplikacji mobilnych podmiot\u00f3w publicznych z powodu niezgodno\u015bci lub w\u0142\u0105cze\u0144 wymienionych poni\u017cej.<\/p>\n<p>Niekt\u00f3re zamieszczone informacje w postaci za\u0142\u0105cznik\u00f3w s\u0105 w postaci skan\u00f3w z uwagi na charakter informacji jaki jest niezb\u0119dny do opublikowania informacji;<\/p>\n<p>Filmy na stronie nie posiadaj\u0105 napis\u00f3w dla os\u00f3b g\u0142uchych;<\/p>\n<p>Nie wszystkie grafiki i zdj\u0119cia posiadaj\u0105 opisy alternatywne ze wzgl\u0119du na to, \u017ce na stronie jest zamieszczana du\u017ca ilo\u015b\u0107 zdj\u0119\u0107;<\/p>\n<p>Odno\u015bniki do stron zewn\u0119trznych i dokument\u00f3w otwieraj\u0105 si\u0119 w nowych oknach.<\/p>\n<h2><strong>Data sporz\u0105dzenia Deklaracji i metoda oceny dost\u0119pno\u015bci cyfrowej<\/strong><\/h2>\n<p>O\u015bwiadczenie sporz\u0105dzono dnia: <span id=\"a11y-data-sporzadzenie\">2025-03-25<\/span>. Deklaracj\u0119 sporz\u0105dzono na podstawie samooceny przeprowadzonej przez podmiot publiczny.<\/p>\n<h2><strong>Skr\u00f3ty klawiaturowe<\/strong><\/h2>\n<p>Na stronie internetowej mo\u017cna korzysta\u0107 ze standardowych skr\u00f3t\u00f3w klawiaturowych.<\/p>\n<h2><strong>Informacje zwrotne i dane kontaktowe<\/strong><\/h2>\n<p id=\"a11y-kontakt\">W przypadku problem\u00f3w z dost\u0119pno\u015bci\u0105 strony internetowej prosimy o kontakt. Osob\u0105 kontaktow\u0105 jest <span id=\"a11y-osoba\">Rafa\u0142 Wilamowski<\/span>, <span id=\"a11y-email\"><a href=\"belf@xivlo.pl\">belf@xivlo.pl<\/a><\/span>. Kontaktowa\u0107 mo\u017cna si\u0119 tak\u017ce dzwoni\u0105c na numer telefonu <span id=\"a11y-telefon\">507172373<\/span>. T\u0105 sam\u0105 drog\u0105 mo\u017cna sk\u0142ada\u0107 wnioski o udost\u0119pnienie informacji niedost\u0119pnej oraz sk\u0142ada\u0107 skargi na brak zapewnienia dost\u0119pno\u015bci.<\/p>\n<h2><strong>Informacje na temat procedury<\/strong><\/h2>\n<p id=\"a11y-procedura\">Ka\u017cdy ma prawo do wyst\u0105pienia z \u017c\u0105daniem zapewnienia dost\u0119pno\u015bci cyfrowej strony internetowej, aplikacji mobilnej lub jakiego\u015b ich elementu. Mo\u017cna tak\u017ce za\u017c\u0105da\u0107 udost\u0119pnienia informacji za pomoc\u0105 alternatywnego sposobu dost\u0119pu, na przyk\u0142ad przez odczytanie niedost\u0119pnego cyfrowo dokumentu, opisanie zawarto\u015bci filmu bez audiodeskrypcji itp. \u017b\u0105danie powinno zawiera\u0107 dane osoby zg\u0142aszaj\u0105cej \u017c\u0105danie, wskazanie, o kt\u00f3r\u0105 stron\u0119 internetow\u0105 lub aplikacj\u0119 mobiln\u0105 chodzi oraz spos\u00f3b kontaktu. Je\u017celi osoba \u017c\u0105daj\u0105ca zg\u0142asza potrzeb\u0119 otrzymania informacji za pomoc\u0105 alternatywnego sposobu dost\u0119pu, powinna tak\u017ce okre\u015bli\u0107 dogodny dla niej spos\u00f3b przedstawienia tej informacji. Podmiot publiczny powinien zrealizowa\u0107 \u017c\u0105danie niezw\u0142ocznie, nie p\u00f3\u017aniej ni\u017c w ci\u0105gu 7 dni od dnia wyst\u0105pienia z \u017c\u0105daniem. Je\u017celi dotrzymanie tego terminu nie jest mo\u017cliwe, podmiot publiczny niezw\u0142ocznie informuje o tym wnosz\u0105cego \u017c\u0105danie, kiedy realizacja \u017c\u0105dania b\u0119dzie mo\u017cliwa, przy czym termin ten nie mo\u017ce by\u0107 d\u0142u\u017cszy ni\u017c 2 miesi\u0105ce od dnia wyst\u0105pienia z \u017c\u0105daniem. Je\u017celi zapewnienie dost\u0119pno\u015bci cyfrowej nie jest mo\u017cliwe, podmiot publiczny mo\u017ce zaproponowa\u0107 alternatywny spos\u00f3b dost\u0119pu do informacji. W przypadku, gdy podmiot publiczny odm\u00f3wi realizacji \u017c\u0105dania zapewnienia dost\u0119pno\u015bci lub alternatywnego sposobu dost\u0119pu do informacji, wnosz\u0105cy \u017c\u0105danie mo\u017cne z\u0142o\u017cy\u0107 skarg\u0119 w sprawie zapewniana dost\u0119pno\u015bci cyfrowej strony internetowej, aplikacji mobilnej lub elementu strony internetowej, lub aplikacji mobilnej. Po wyczerpaniu wskazanej wy\u017cej procedury mo\u017cna tak\u017ce z\u0142o\u017cy\u0107 wniosek do Rzecznika Praw Obywatelskich\u00a0<a href=\"http:\/\/www.rpo.gov.pl\/\">www.rpo.gov.pl<\/a><\/p>\n<p><!--more--><\/p>\n<h2><strong id=\"a11y-architektura\">Dost\u0119pno\u015b\u0107 architektoniczna<\/strong><\/h2>\n<ul>\n<li>Do budynku szko\u0142y prowadzi g\u0142\u00f3wne wej\u015bcie od ulicy Wawrzyniaka \u2013 brak ogranicze\u0144 dla os\u00f3b niepe\u0142nosprawnych. Wej\u015bcie jest og\u00f3lnodost\u0119pne w godzinach pracy szko\u0142y.<\/li>\n<li>Osobami oddelegowanymi do udzielania informacji przy wej\u015bciu g\u0142\u00f3wnym s\u0105 pracownicy obs\u0142ugi.<\/li>\n<li>W budynku nie ma dostosowa\u0144 dla os\u00f3b niepe\u0142nosprawnych.<\/li>\n<li>Istnieje podjazd dla w\u00f3zk\u00f3w inwalidzkich od strony ulicy Wawrzyniaka<\/li>\n<li>Do szko\u0142y mo\u017ce wej\u015b\u0107 osob\u0105 z psem asystuj\u0105cym.<\/li>\n<li>W szkole nie ma mo\u017cliwo\u015bci skorzystania z t\u0142umacza j\u0119zyka migowego.<\/li>\n<li>W budynku nie ma oznacze\u0144 w alfabecie brajla ani oznacze\u0144 kontrastowych lub w druku powi\u0119kszonym dla os\u00f3b niewidomych i s\u0142abowidz\u0105cych.<\/li>\n<\/ul>\n<p>O\u015bwiadczenie zosta\u0142o ostatnio poddane przegl\u0105dowi w dniu 2025-03-25.<\/p>\n","protected":false},"excerpt":{"rendered":"<p>XIV Liceum Og\u00f3lnokszta\u0142c\u0105ce z Oddzia\u0142ami Dwuj\u0119zycznymi im Miko\u0142aja Kopernika w Gdyni\u00a0zobowi\u0105zuje si\u0119 zapewni\u0107 dost\u0119pno\u015b\u0107 swojej strony internetowej zgodnie z ustaw\u0105 z dnia 4 kwietnia 2019 r. o dost\u0119pno\u015bci cyfrowej stron internetowych i aplikacji mobilnych podmiot\u00f3w publicznych. O\u015bwiadczenie w sprawie dost\u0119pno\u015bci ma zastosowanie do\u00a0strony internetowej XIV Liceum Og\u00f3lnokszta\u0142c\u0105ce w Gdyni. Daty publikacji i aktualizacji Data publikacji&#8230;<\/p>\n","protected":false},"author":1,"featured_media":0,"parent":0,"menu_order":2,"comment_status":"closed","ping_status":"open","template":"","meta":{"_kadence_starter_templates_imported_post":false,"_kad_post_transparent":"","_kad_post_title":"","_kad_post_layout":"","_kad_post_sidebar_id":"","_kad_post_content_style":"","_kad_post_vertical_padding":"","_kad_post_feature":"","_kad_post_feature_position":"","_kad_post_header":false,"_kad_post_footer":false,"_kad_post_classname":"","footnotes":""},"folder":[],"class_list":["post-37","page","type-page","status-publish","hentry"],"_links":{"self":[{"href":"https:\/\/www.xivlo.pl\/index.php?rest_route=\/wp\/v2\/pages\/37","targetHints":{"allow":["GET"]}}],"collection":[{"href":"https:\/\/www.xivlo.pl\/index.php?rest_route=\/wp\/v2\/pages"}],"about":[{"href":"https:\/\/www.xivlo.pl\/index.php?rest_route=\/wp\/v2\/types\/page"}],"author":[{"embeddable":true,"href":"https:\/\/www.xivlo.pl\/index.php?rest_route=\/wp\/v2\/users\/1"}],"replies":[{"embeddable":true,"href":"https:\/\/www.xivlo.pl\/index.php?rest_route=%2Fwp%2Fv2%2Fcomments&post=37"}],"version-history":[{"count":8,"href":"https:\/\/www.xivlo.pl\/index.php?rest_route=\/wp\/v2\/pages\/37\/revisions"}],"predecessor-version":[{"id":3190,"href":"https:\/\/www.xivlo.pl\/index.php?rest_route=\/wp\/v2\/pages\/37\/revisions\/3190"}],"wp:attachment":[{"href":"https:\/\/www.xivlo.pl\/index.php?rest_route=%2Fwp%2Fv2%2Fmedia&parent=37"}],"wp:term":[{"taxonomy":"folder","embeddable":true,"href":"https:\/\/www.xivlo.pl\/index.php?rest_route=%2Fwp%2Fv2%2Ffolder&post=37"}],"curies":[{"name":"wp","href":"https:\/\/api.w.org\/{rel}","templated":true}]}}